{"id":500,"date":"2012-06-22T01:16:10","date_gmt":"2012-06-21T23:16:10","guid":{"rendered":"http:\/\/hochzeit.bremmert.de\/?page_id=500"},"modified":"2012-06-22T01:21:10","modified_gmt":"2012-06-21T23:21:10","slug":"lieder-bei-der-trauung-bitte-ueben","status":"publish","type":"page","link":"https:\/\/www.bremmert.de\/hochzeit\/geladene-gaste\/lieder-bei-der-trauung-bitte-ueben\/","title":{"rendered":"Lieder bei der Trauung, bitte \u00fcben :)"},"content":{"rendered":"<p>Wir werden bei der Trauung von der BDKJ-Band begleitet. Herzlichen Dank schon mal f\u00fcr eure Mitwirkung. Nat\u00fcrlich brauchen wir gesangsstarke Unterst\u00fctzung von allen (Liederzettel werden ausliegen). Also bitte \u00fcben, \u00fcben, \u00fcben \ud83d\ude42<\/p>\n<p>Hier findet ihr alle Lieder unserer Trauung:<\/p>\n<p>1. Lied zum Einzug: <strong>Wie ein Fest nach langer Trauer<\/strong><br \/>\n[youtube]http:\/\/www.youtube.com\/watch?v=f8MJ4spXs3w&amp;list=PL00EBDAE4B68822D7&amp;index=27&amp;feature=plpp_video[\/youtube]<\/p>\n<p>Wie ein Fest nach langer Trauer, wie ein Feuer in der Nacht,<br \/>\nein offnes Tor in einer Mauer, f\u00fcr die Sonne auf gemacht.<br \/>\nWie ein Brief nach langem Schweigen, wie ein unverhoffter Gru\u00df,<br \/>\nwie ein Blatt an toten Zweigen, ein Ich-mag-dich-trotzdem-Kuss.<\/p>\n<p>Refr.:<br \/>\nSo ist Vers\u00f6hnung, so muss der wahre Friede sein.<br \/>\nSo ist Vers\u00f6hnung, so ist vergeben und verzeih&#8217;n.<br \/>\n[x2]<\/p>\n<p>Wie ein Regen in der W\u00fcste, frischer Tau auf d\u00fcrrem Land,<br \/>\nHeimatkl\u00e4nge f\u00fcr Vermisste, alte Feinde Hand in Hand.<br \/>\nWie ein Schl\u00fcssel im Gef\u00e4ngnis, wie in Seenot Land in Sicht,<br \/>\nwie ein Weg aus der Bedr\u00e4ngnis, wie ein strahlendes Gesicht.<\/p>\n<p>Refr.:<br \/>\nSo ist Vers\u00f6hnung, so muss der wahre Friede sein.<br \/>\nSo ist Vers\u00f6hnung, so ist vergeben und verzeih&#8217;n.<br \/>\n[x2]<\/p>\n<p>Wie ein Wort von toten Lippen, wie ein Blick, der Hoffnung weckt,<br \/>\nwie ein Licht auf steilen Klippen, wie ein Erdteil neu entdeckt.<br \/>\nWie der Fr\u00fchling, wie der Morgen, wie ein Lied, wie ein Gedicht,<br \/>\nwie das Leben, wie die Liebe, wie Gott selbst, das wahre Licht.<\/p>\n<p>Refr.:<br \/>\nSo ist Vers\u00f6hnung, so muss der wahre Friede sein.<br \/>\nSo ist Vers\u00f6hnung, so ist vergeben und verzeih&#8217;n.<br \/>\n[x2]<\/p>\n<p>2. Lied: Zwischengesang nach der Lesung: <strong>Du bist das Licht der Welt<\/strong><br \/>\n[youtube]http:\/\/www.youtube.com\/watch?v=RlW614-PFms[\/youtube]<\/p>\n<p>Du bist das Licht der Welt<br \/>\ndu bist der Glanz der uns unseren Tag erhellt,<br \/>\ndu bist der Freudenschein,<br \/>\nder uns so gl\u00fccklich macht<br \/>\ndringst selber in uns ein.<br \/>\nDu bist der Stern in der Nacht,<br \/>\nder allem Finsteren wehrt,<br \/>\nbist wie ein Feuer entfacht,<br \/>\ndas sich aus Liebe verzehrt,<br \/>\ndu das Licht der Welt.<\/p>\n<p>So wie die Sonne stets den Tag bringt nach der Nacht,<br \/>\nwie sie auch nach Regenwetter immer wieder lacht,<br \/>\nwie sie trotz der Wolkenmauer uns die Helle bringt<br \/>\nund doch nur zu neuem Aufgeh&#8217;n sinkt.<\/p>\n<p>Du bist das Licht der Welt&#8230;.<\/p>\n<p>So wie eine Lampe pl\u00f6tzlich W\u00e4rme bringt und Licht,<br \/>\nwie der Strahl und Nebelleuchte durch die Sichtwand bricht,<br \/>\nwie ein rasches Streichholz eine Kerze hell entflammt<br \/>\nund dadurch die Dunkelheit verbannt.<\/p>\n<p>Du bist das Licht der Welt&#8230;. So wie im Widerschein ein Fenster hell erstrahlt,<br \/>\nwenn die Sonne an den Himmel bunte Streifen malt.<br \/>\nWie ein altes Haus im Licht der Stra\u00dfenlampe wirkt,<br \/>\nund dadurch manch H\u00e4\u00dflichkeit verbirgt.<\/p>\n<p>Du bist das Licht der Welt&#8230;.<\/p>\n<p>&nbsp;<\/p>\n<p>3. Lied: Vor der Trauung: <strong>Worauf es ankommt<\/strong> (Strophe 1-4)<br \/>\n[youtube]http:\/\/www.youtube.com\/watch?v=eeREVEnByUY[\/youtube]<\/p>\n<p>Refrain:<br \/>\nJetzt ist die Zeit, jetzt ist die Stunde.<br \/>\nHeute wird getan oder auch vertan,<br \/>\nworauf es ankommt, wenn er kommt.<\/p>\n<p>1 Der Herr wird nicht fragen: Was hast du gespart,<br \/>\nwas hast du alles besessen? Seine Frage wird lauten:<br \/>\nWas hast du geschenkt, wen hast du gesch\u00e4tzt,<br \/>\num meinetwillen?<\/p>\n<p>Refrain:<br \/>\nJetzt ist die Zeit, jetzt ist die Stunde.<br \/>\nHeute wird getan oder auch vertan,<br \/>\nworauf es ankommt, wenn er kommt.<\/p>\n<p>2 Der Herr wird nicht fragen: Was hast du gewusst,<br \/>\nwas hast du Gescheites gelernt?<br \/>\nSeine Frage wird lauten:<br \/>\nWas hast du bedacht, wem hast du gen\u00fctzt,<br \/>\num meinetwillen?<\/p>\n<p>Refrain:<br \/>\nJetzt ist die Zeit, jetzt ist die Stunde.<br \/>\nHeute wird getan oder auch vertan,<br \/>\nworauf es ankommt, wenn er kommt.<\/p>\n<p>3 Der Herr wird nicht fragen: Was hast du beherrscht,<br \/>\nwas hast du dir unterworfen? Seine Frage wird lauten:<br \/>\nWem hast du gedient, wen hast du umarmt,<br \/>\num meinetwillen?<\/p>\n<p>Refrain:<br \/>\nJetzt ist die Zeit, jetzt ist die Stunde.<br \/>\nHeute wird getan oder auch vertan,<br \/>\nworauf es ankommt, wenn er kommt.<\/p>\n<p>4. Der Herr wird nicht fragen: Was hast du gesagt,<br \/>\nwas hast du alles versprochen,<br \/>\nSeine Frage wird lauten:<br \/>\nWas hast du getan, wen hast du geliebt,<br \/>\num meinetwillen?<\/p>\n<p>Refrain:<br \/>\nJetzt ist die Zeit, jetzt ist die Stunde.<br \/>\nHeute wird getan oder auch vertan,<br \/>\nworauf es ankommt, wenn er kommt.<\/p>\n<p>4. Lied: Nach der Trauung: <strong>Jackpot<\/strong> von Tocotronic<br \/>\n[youtube]http:\/\/www.youtube.com\/watch?v=66XfCtyPxfc&amp;feature=related[\/youtube]<\/p>\n<p>Du bist der Jackpot meines Lebens,<br \/>\nZugegeben, der Vergleich ist eher schief als eben<br \/>\nDoch wenn Du lachst, gehen drei Sonnen auf<br \/>\nWir sind raus und wir sind stolz darauf<\/p>\n<p>Du hast das Know-How<br \/>\nUnd ich Dein Vertraun<br \/>\nWir werden das System durchschauen<br \/>\nUnd wenn Du lachst, gehen drei Sonnen auf<br \/>\nWir sind raus und wir sind stolz darauf<\/p>\n<p>5. Lied. Zum Friedensgru\u00df: <strong>Wo Menschen sich vergessen<\/strong><br \/>\n[youtube]http:\/\/www.youtube.com\/watch?v=oBNEtqluTEQ[\/youtube]<\/p>\n<p>1. Wo Menschen sich vergessen, die Wege verlassen, und neu beginnen, ganz neu,<br \/>\nDa ber\u00fchren sich Himmel und Erde, dass Frieden werde unter uns,<br \/>\nDa ber\u00fchren sich Himmel und Erde, dass Frieden werde unter uns.<\/p>\n<p>2. Wo Menschen sich verschenken, die Liebe bedenken, und neu beginnen, ganz neu,<br \/>\nDa ber\u00fchren sich Himmel und Erde, dass Frieden werde unter uns,<br \/>\nDa ber\u00fchren sich Himmel und Erde, dass Frieden werde unter uns.<\/p>\n<p>3. Wo Mensch sich verb\u00fcnden, den Hass \u00fcberwinden, und neu beginnen, ganz neu,<br \/>\nDa ber\u00fchren sich Himmel und Erde, dass Frieden werde unter uns,<br \/>\nDa ber\u00fchren sich Himmel und Erde, dass Frieden werde unter uns.<\/p>\n<p>6. Lied: Schlu\u00dflied: <strong>Irische Segensw\u00fcnsche<\/strong><br \/>\n[youtube]http:\/\/www.youtube.com\/watch?v=sCGYFf8u4UU&amp;feature=watch_response[\/youtube]<\/p>\n<p>1. M\u00f6ge die Stra\u00dfe uns zusammenf\u00fchren und der Wind in deinem R\u00fccken sein;<br \/>\nsanft falle Regen auf deine Felder und warm auf dein Gesicht der Sonnenschein.<\/p>\n<p>Und bis wir uns wiedersehen, halte Gott Dich fest in seiner Hand; Und bis wir uns wiedersehen, halte Gott Dich fest in seiner Hand.<\/p>\n<p>2. Hab unter&#8217;m Kopf ein weiches Kissen, habe Kleidung und das t\u00e4glich Brot.<br \/>\nSei \u00fcber vierzig Jahre im Himmel, bevor der Teufel merkt, Du bist schon tot.<\/p>\n<p>Und bis wir uns wiedersehen, halte Gott Dich fest in seiner Hand; Und bis wir uns wiedersehen, halte Gott Dich fest in seiner Hand.<\/p>\n<p>3. F\u00fchre Die Stra\u00dfe die du gehst, immer nur zu deinem Ziel bergab;<br \/>\nhab wenn es k\u00fchl wird, warme Gedanken und den vollen Mond in dunkler Nacht.<\/p>\n<p>Und bis wir uns wiedersehen, halte Gott Dich fest in seiner Hand; Und bis wir uns wiedersehen, halte Gott Dich fest in seiner Hand.<\/p>\n<p>4. Bis wir uns dann wiedersehen, hoffe ich, dass Gott dich nicht verl\u00e4sst, er halte Dich in seinen H\u00e4nden, doch dr\u00fccke seine Hand dich nie zu fest.<\/p>\n<p>Und bis wir uns wiedersehen, halte Gott Dich fest in seiner Hand; Und bis wir uns wiedersehen, halte Gott Dich fest in seiner Hand.<\/p>\n<p>&nbsp;<\/p>\n<p>p\/p<\/p>\n","protected":false},"excerpt":{"rendered":"<p>Wir werden bei der Trauung von der BDKJ-Band begleitet. Herzlichen Dank schon mal f\u00fcr eure Mitwirkung. Nat\u00fcrlich brauchen wir gesangsstarke Unterst\u00fctzung von allen (Liederzettel werden ausliegen). Also bitte \u00fcben, \u00fcben, \u00fcben \ud83d\ude42 Hier findet ihr alle Lieder unserer Trauung: 1. Lied zum Einzug: Wie ein Fest nach langer Trauer [youtube]http:\/\/www.youtube.com\/watch?v=f8MJ4spXs3w&amp;list=PL00EBDAE4B68822D7&amp;index=27&amp;feature=plpp_video[\/youtube] Wie ein Fest nach langer [&hellip;]<\/p>\n","protected":false},"author":1,"featured_media":0,"parent":21,"menu_order":0,"comment_status":"open","ping_status":"closed","template":"template-page-fullwidth.php","meta":{"ngg_post_thumbnail":0,"footnotes":""},"class_list":["post-500","page","type-page","status-publish","hentry"],"_links":{"self":[{"href":"https:\/\/www.bremmert.de\/hochzeit\/wp-json\/wp\/v2\/pages\/500","targetHints":{"allow":["GET"]}}],"collection":[{"href":"https:\/\/www.bremmert.de\/hochzeit\/wp-json\/wp\/v2\/pages"}],"about":[{"href":"https:\/\/www.bremmert.de\/hochzeit\/wp-json\/wp\/v2\/types\/page"}],"author":[{"embeddable":true,"href":"https:\/\/www.bremmert.de\/hochzeit\/wp-json\/wp\/v2\/users\/1"}],"replies":[{"embeddable":true,"href":"https:\/\/www.bremmert.de\/hochzeit\/wp-json\/wp\/v2\/comments?post=500"}],"version-history":[{"count":11,"href":"https:\/\/www.bremmert.de\/hochzeit\/wp-json\/wp\/v2\/pages\/500\/revisions"}],"predecessor-version":[{"id":511,"href":"https:\/\/www.bremmert.de\/hochzeit\/wp-json\/wp\/v2\/pages\/500\/revisions\/511"}],"up":[{"embeddable":true,"href":"https:\/\/www.bremmert.de\/hochzeit\/wp-json\/wp\/v2\/pages\/21"}],"wp:attachment":[{"href":"https:\/\/www.bremmert.de\/hochzeit\/wp-json\/wp\/v2\/media?parent=500"}],"curies":[{"name":"wp","href":"https:\/\/api.w.org\/{rel}","templated":true}]}}