{"id":56,"date":"2012-05-22T01:24:49","date_gmt":"2012-05-22T01:24:49","guid":{"rendered":"http:\/\/hochzeit.bremmert.de\/?page_id=56"},"modified":"2025-02-11T23:42:31","modified_gmt":"2025-02-11T22:42:31","slug":"kirche","status":"publish","type":"page","link":"https:\/\/www.bremmert.de\/hochzeit\/kirche\/","title":{"rendered":"Kirche"},"content":{"rendered":"<p><strong>St. Bonifatius in Dietenhofen&nbsp;<\/strong><\/p>\n<p>Adresse: 90599 Dietenhofen. Kreuzung Talstra\u00dfe \/ Am Moosweiher<\/p>\n<p>Am 27. September 2009 hat Bischof Gregor Maria Hanke die Filialkirche St. Bonifatius in Dietenhofen (Landkreis Ansbach) eingeweiht. Der vom Eichst\u00e4tter Di\u00f6zesanbaumeister Karl Frey entworfene Neubau ersetzte die 1956 erbaute Notkirche.<\/p>\n<p>Karl Frey hat die 24 Meter lange und 16 Meter breite Kirche als Ellipse gestaltet. Die Form des Zentralbaus erinnert an die \u00e4ltesten Formen menschlicher Behausungen, etwa in Rundh\u00fctten oder Zelten. Die Au\u00dfenform der Ellipse umschreibt ein Kreuz. Glas, Stahl und ein Fu\u00dfboden aus Pappenheimer Marmor bestimmen das Erscheinungsbild der Kirche, in der 125 Gl\u00e4ubige Platz nehmen k\u00f6nnen.<\/p>\n<div id='gallery-1' class='gallery galleryid-56 gallery-columns-3 gallery-size-thumbnail'><figure class='gallery-item'>\n\t\t\t<div class='gallery-icon portrait'>\n\t\t\t\t<a href='https:\/\/www.bremmert.de\/hochzeit\/wp-content\/uploads\/2012\/05\/IMG_0475.jpg'><img loading=\"lazy\" decoding=\"async\" width=\"150\" height=\"150\" src=\"https:\/\/www.bremmert.de\/hochzeit\/wp-content\/uploads\/2012\/05\/IMG_0475-150x150.jpg\" class=\"attachment-thumbnail size-thumbnail\" alt=\"\" srcset=\"https:\/\/www.bremmert.de\/hochzeit\/wp-content\/uploads\/2012\/05\/IMG_0475-150x150.jpg 150w, https:\/\/www.bremmert.de\/hochzeit\/wp-content\/uploads\/2012\/05\/IMG_0475-125x125.jpg 125w\" sizes=\"auto, (max-width: 150px) 100vw, 150px\" \/><\/a>\n\t\t\t<\/div><\/figure><figure class='gallery-item'>\n\t\t\t<div class='gallery-icon landscape'>\n\t\t\t\t<a href='https:\/\/www.bremmert.de\/hochzeit\/wp-content\/uploads\/2012\/05\/IMG_0477.jpg'><img loading=\"lazy\" decoding=\"async\" width=\"150\" height=\"150\" src=\"https:\/\/www.bremmert.de\/hochzeit\/wp-content\/uploads\/2012\/05\/IMG_0477-150x150.jpg\" class=\"attachment-thumbnail size-thumbnail\" alt=\"\" srcset=\"https:\/\/www.bremmert.de\/hochzeit\/wp-content\/uploads\/2012\/05\/IMG_0477-150x150.jpg 150w, https:\/\/www.bremmert.de\/hochzeit\/wp-content\/uploads\/2012\/05\/IMG_0477-125x125.jpg 125w\" sizes=\"auto, (max-width: 150px) 100vw, 150px\" \/><\/a>\n\t\t\t<\/div><\/figure><figure class='gallery-item'>\n\t\t\t<div class='gallery-icon landscape'>\n\t\t\t\t<a href='https:\/\/www.bremmert.de\/hochzeit\/wp-content\/uploads\/2012\/05\/IMG_0478.jpg'><img loading=\"lazy\" decoding=\"async\" width=\"150\" height=\"150\" src=\"https:\/\/www.bremmert.de\/hochzeit\/wp-content\/uploads\/2012\/05\/IMG_0478-150x150.jpg\" class=\"attachment-thumbnail size-thumbnail\" alt=\"\" srcset=\"https:\/\/www.bremmert.de\/hochzeit\/wp-content\/uploads\/2012\/05\/IMG_0478-150x150.jpg 150w, https:\/\/www.bremmert.de\/hochzeit\/wp-content\/uploads\/2012\/05\/IMG_0478-125x125.jpg 125w\" sizes=\"auto, (max-width: 150px) 100vw, 150px\" \/><\/a>\n\t\t\t<\/div><\/figure><figure class='gallery-item'>\n\t\t\t<div class='gallery-icon landscape'>\n\t\t\t\t<a href='https:\/\/www.bremmert.de\/hochzeit\/wp-content\/uploads\/2012\/05\/IMG_0479.jpg'><img loading=\"lazy\" decoding=\"async\" width=\"150\" height=\"150\" src=\"https:\/\/www.bremmert.de\/hochzeit\/wp-content\/uploads\/2012\/05\/IMG_0479-150x150.jpg\" class=\"attachment-thumbnail size-thumbnail\" alt=\"\" srcset=\"https:\/\/www.bremmert.de\/hochzeit\/wp-content\/uploads\/2012\/05\/IMG_0479-150x150.jpg 150w, https:\/\/www.bremmert.de\/hochzeit\/wp-content\/uploads\/2012\/05\/IMG_0479-125x125.jpg 125w\" sizes=\"auto, (max-width: 150px) 100vw, 150px\" \/><\/a>\n\t\t\t<\/div><\/figure><figure class='gallery-item'>\n\t\t\t<div class='gallery-icon landscape'>\n\t\t\t\t<a href='https:\/\/www.bremmert.de\/hochzeit\/wp-content\/uploads\/2012\/05\/IMG_0480.jpg'><img loading=\"lazy\" decoding=\"async\" width=\"150\" height=\"150\" src=\"https:\/\/www.bremmert.de\/hochzeit\/wp-content\/uploads\/2012\/05\/IMG_0480-150x150.jpg\" class=\"attachment-thumbnail size-thumbnail\" alt=\"\" srcset=\"https:\/\/www.bremmert.de\/hochzeit\/wp-content\/uploads\/2012\/05\/IMG_0480-150x150.jpg 150w, https:\/\/www.bremmert.de\/hochzeit\/wp-content\/uploads\/2012\/05\/IMG_0480-125x125.jpg 125w\" sizes=\"auto, (max-width: 150px) 100vw, 150px\" \/><\/a>\n\t\t\t<\/div><\/figure><figure class='gallery-item'>\n\t\t\t<div class='gallery-icon landscape'>\n\t\t\t\t<a href='https:\/\/www.bremmert.de\/hochzeit\/wp-content\/uploads\/2012\/05\/IMG_0481.jpg'><img loading=\"lazy\" decoding=\"async\" width=\"150\" height=\"150\" src=\"https:\/\/www.bremmert.de\/hochzeit\/wp-content\/uploads\/2012\/05\/IMG_0481-150x150.jpg\" class=\"attachment-thumbnail size-thumbnail\" alt=\"\" srcset=\"https:\/\/www.bremmert.de\/hochzeit\/wp-content\/uploads\/2012\/05\/IMG_0481-150x150.jpg 150w, https:\/\/www.bremmert.de\/hochzeit\/wp-content\/uploads\/2012\/05\/IMG_0481-125x125.jpg 125w\" sizes=\"auto, (max-width: 150px) 100vw, 150px\" \/><\/a>\n\t\t\t<\/div><\/figure><figure class='gallery-item'>\n\t\t\t<div class='gallery-icon portrait'>\n\t\t\t\t<a href='https:\/\/www.bremmert.de\/hochzeit\/wp-content\/uploads\/2012\/05\/IMG_0482.jpg'><img loading=\"lazy\" decoding=\"async\" width=\"150\" height=\"150\" src=\"https:\/\/www.bremmert.de\/hochzeit\/wp-content\/uploads\/2012\/05\/IMG_0482-150x150.jpg\" class=\"attachment-thumbnail size-thumbnail\" alt=\"\" srcset=\"https:\/\/www.bremmert.de\/hochzeit\/wp-content\/uploads\/2012\/05\/IMG_0482-150x150.jpg 150w, https:\/\/www.bremmert.de\/hochzeit\/wp-content\/uploads\/2012\/05\/IMG_0482-125x125.jpg 125w\" sizes=\"auto, (max-width: 150px) 100vw, 150px\" \/><\/a>\n\t\t\t<\/div><\/figure><figure class='gallery-item'>\n\t\t\t<div class='gallery-icon landscape'>\n\t\t\t\t<a href='https:\/\/www.bremmert.de\/hochzeit\/wp-content\/uploads\/2012\/05\/IMG_0483.jpg'><img loading=\"lazy\" decoding=\"async\" width=\"150\" height=\"150\" src=\"https:\/\/www.bremmert.de\/hochzeit\/wp-content\/uploads\/2012\/05\/IMG_0483-150x150.jpg\" class=\"attachment-thumbnail size-thumbnail\" alt=\"\" srcset=\"https:\/\/www.bremmert.de\/hochzeit\/wp-content\/uploads\/2012\/05\/IMG_0483-150x150.jpg 150w, https:\/\/www.bremmert.de\/hochzeit\/wp-content\/uploads\/2012\/05\/IMG_0483-125x125.jpg 125w\" sizes=\"auto, (max-width: 150px) 100vw, 150px\" \/><\/a>\n\t\t\t<\/div><\/figure><figure class='gallery-item'>\n\t\t\t<div class='gallery-icon landscape'>\n\t\t\t\t<a href='https:\/\/www.bremmert.de\/hochzeit\/wp-content\/uploads\/2012\/05\/IMG_0485.jpg'><img loading=\"lazy\" decoding=\"async\" width=\"150\" height=\"150\" src=\"https:\/\/www.bremmert.de\/hochzeit\/wp-content\/uploads\/2012\/05\/IMG_0485-150x150.jpg\" class=\"attachment-thumbnail size-thumbnail\" alt=\"\" srcset=\"https:\/\/www.bremmert.de\/hochzeit\/wp-content\/uploads\/2012\/05\/IMG_0485-150x150.jpg 150w, https:\/\/www.bremmert.de\/hochzeit\/wp-content\/uploads\/2012\/05\/IMG_0485-125x125.jpg 125w\" sizes=\"auto, (max-width: 150px) 100vw, 150px\" \/><\/a>\n\t\t\t<\/div><\/figure><figure class='gallery-item'>\n\t\t\t<div class='gallery-icon landscape'>\n\t\t\t\t<a href='https:\/\/www.bremmert.de\/hochzeit\/wp-content\/uploads\/2012\/05\/IMG_0486.jpg'><img loading=\"lazy\" decoding=\"async\" width=\"150\" height=\"150\" src=\"https:\/\/www.bremmert.de\/hochzeit\/wp-content\/uploads\/2012\/05\/IMG_0486-150x150.jpg\" class=\"attachment-thumbnail size-thumbnail\" alt=\"\" srcset=\"https:\/\/www.bremmert.de\/hochzeit\/wp-content\/uploads\/2012\/05\/IMG_0486-150x150.jpg 150w, https:\/\/www.bremmert.de\/hochzeit\/wp-content\/uploads\/2012\/05\/IMG_0486-125x125.jpg 125w\" sizes=\"auto, (max-width: 150px) 100vw, 150px\" \/><\/a>\n\t\t\t<\/div><\/figure><figure class='gallery-item'>\n\t\t\t<div class='gallery-icon landscape'>\n\t\t\t\t<a href='https:\/\/www.bremmert.de\/hochzeit\/wp-content\/uploads\/2012\/05\/IMG_0487.jpg'><img loading=\"lazy\" decoding=\"async\" width=\"150\" height=\"150\" src=\"https:\/\/www.bremmert.de\/hochzeit\/wp-content\/uploads\/2012\/05\/IMG_0487-150x150.jpg\" class=\"attachment-thumbnail size-thumbnail\" alt=\"\" srcset=\"https:\/\/www.bremmert.de\/hochzeit\/wp-content\/uploads\/2012\/05\/IMG_0487-150x150.jpg 150w, https:\/\/www.bremmert.de\/hochzeit\/wp-content\/uploads\/2012\/05\/IMG_0487-125x125.jpg 125w\" sizes=\"auto, (max-width: 150px) 100vw, 150px\" \/><\/a>\n\t\t\t<\/div><\/figure><figure class='gallery-item'>\n\t\t\t<div class='gallery-icon landscape'>\n\t\t\t\t<a href='https:\/\/www.bremmert.de\/hochzeit\/wp-content\/uploads\/2012\/05\/IMG_0488.jpg'><img loading=\"lazy\" decoding=\"async\" width=\"150\" height=\"150\" src=\"https:\/\/www.bremmert.de\/hochzeit\/wp-content\/uploads\/2012\/05\/IMG_0488-150x150.jpg\" class=\"attachment-thumbnail size-thumbnail\" alt=\"\" srcset=\"https:\/\/www.bremmert.de\/hochzeit\/wp-content\/uploads\/2012\/05\/IMG_0488-150x150.jpg 150w, https:\/\/www.bremmert.de\/hochzeit\/wp-content\/uploads\/2012\/05\/IMG_0488-125x125.jpg 125w\" sizes=\"auto, (max-width: 150px) 100vw, 150px\" \/><\/a>\n\t\t\t<\/div><\/figure><figure class='gallery-item'>\n\t\t\t<div class='gallery-icon landscape'>\n\t\t\t\t<a href='https:\/\/www.bremmert.de\/hochzeit\/wp-content\/uploads\/2012\/05\/IMG_0489.jpg'><img loading=\"lazy\" decoding=\"async\" width=\"150\" height=\"150\" src=\"https:\/\/www.bremmert.de\/hochzeit\/wp-content\/uploads\/2012\/05\/IMG_0489-150x150.jpg\" class=\"attachment-thumbnail size-thumbnail\" alt=\"\" srcset=\"https:\/\/www.bremmert.de\/hochzeit\/wp-content\/uploads\/2012\/05\/IMG_0489-150x150.jpg 150w, https:\/\/www.bremmert.de\/hochzeit\/wp-content\/uploads\/2012\/05\/IMG_0489-125x125.jpg 125w\" sizes=\"auto, (max-width: 150px) 100vw, 150px\" \/><\/a>\n\t\t\t<\/div><\/figure><figure class='gallery-item'>\n\t\t\t<div class='gallery-icon portrait'>\n\t\t\t\t<a href='https:\/\/www.bremmert.de\/hochzeit\/wp-content\/uploads\/2012\/05\/IMG_0490.jpg'><img loading=\"lazy\" decoding=\"async\" width=\"150\" height=\"150\" src=\"https:\/\/www.bremmert.de\/hochzeit\/wp-content\/uploads\/2012\/05\/IMG_0490-150x150.jpg\" class=\"attachment-thumbnail size-thumbnail\" alt=\"\" srcset=\"https:\/\/www.bremmert.de\/hochzeit\/wp-content\/uploads\/2012\/05\/IMG_0490-150x150.jpg 150w, https:\/\/www.bremmert.de\/hochzeit\/wp-content\/uploads\/2012\/05\/IMG_0490-125x125.jpg 125w\" sizes=\"auto, (max-width: 150px) 100vw, 150px\" \/><\/a>\n\t\t\t<\/div><\/figure><figure class='gallery-item'>\n\t\t\t<div class='gallery-icon landscape'>\n\t\t\t\t<a href='https:\/\/www.bremmert.de\/hochzeit\/wp-content\/uploads\/2012\/05\/IMG_0491.jpg'><img loading=\"lazy\" decoding=\"async\" width=\"150\" height=\"150\" src=\"https:\/\/www.bremmert.de\/hochzeit\/wp-content\/uploads\/2012\/05\/IMG_0491-150x150.jpg\" class=\"attachment-thumbnail size-thumbnail\" alt=\"\" srcset=\"https:\/\/www.bremmert.de\/hochzeit\/wp-content\/uploads\/2012\/05\/IMG_0491-150x150.jpg 150w, https:\/\/www.bremmert.de\/hochzeit\/wp-content\/uploads\/2012\/05\/IMG_0491-125x125.jpg 125w\" sizes=\"auto, (max-width: 150px) 100vw, 150px\" \/><\/a>\n\t\t\t<\/div><\/figure><figure class='gallery-item'>\n\t\t\t<div class='gallery-icon portrait'>\n\t\t\t\t<a href='https:\/\/www.bremmert.de\/hochzeit\/wp-content\/uploads\/2012\/05\/IMG_0492.jpg'><img loading=\"lazy\" decoding=\"async\" width=\"150\" height=\"150\" src=\"https:\/\/www.bremmert.de\/hochzeit\/wp-content\/uploads\/2012\/05\/IMG_0492-150x150.jpg\" class=\"attachment-thumbnail size-thumbnail\" alt=\"\" srcset=\"https:\/\/www.bremmert.de\/hochzeit\/wp-content\/uploads\/2012\/05\/IMG_0492-150x150.jpg 150w, https:\/\/www.bremmert.de\/hochzeit\/wp-content\/uploads\/2012\/05\/IMG_0492-125x125.jpg 125w\" sizes=\"auto, (max-width: 150px) 100vw, 150px\" \/><\/a>\n\t\t\t<\/div><\/figure><figure class='gallery-item'>\n\t\t\t<div class='gallery-icon portrait'>\n\t\t\t\t<a href='https:\/\/www.bremmert.de\/hochzeit\/wp-content\/uploads\/2012\/05\/IMG_0493.jpg'><img loading=\"lazy\" decoding=\"async\" width=\"150\" height=\"150\" src=\"https:\/\/www.bremmert.de\/hochzeit\/wp-content\/uploads\/2012\/05\/IMG_0493-150x150.jpg\" class=\"attachment-thumbnail size-thumbnail\" alt=\"\" srcset=\"https:\/\/www.bremmert.de\/hochzeit\/wp-content\/uploads\/2012\/05\/IMG_0493-150x150.jpg 150w, https:\/\/www.bremmert.de\/hochzeit\/wp-content\/uploads\/2012\/05\/IMG_0493-125x125.jpg 125w\" sizes=\"auto, (max-width: 150px) 100vw, 150px\" \/><\/a>\n\t\t\t<\/div><\/figure><figure class='gallery-item'>\n\t\t\t<div class='gallery-icon landscape'>\n\t\t\t\t<a href='https:\/\/www.bremmert.de\/hochzeit\/wp-content\/uploads\/2012\/05\/IMG_0495.jpg'><img loading=\"lazy\" decoding=\"async\" width=\"150\" height=\"150\" src=\"https:\/\/www.bremmert.de\/hochzeit\/wp-content\/uploads\/2012\/05\/IMG_0495-150x150.jpg\" class=\"attachment-thumbnail size-thumbnail\" alt=\"\" srcset=\"https:\/\/www.bremmert.de\/hochzeit\/wp-content\/uploads\/2012\/05\/IMG_0495-150x150.jpg 150w, https:\/\/www.bremmert.de\/hochzeit\/wp-content\/uploads\/2012\/05\/IMG_0495-125x125.jpg 125w\" sizes=\"auto, (max-width: 150px) 100vw, 150px\" \/><\/a>\n\t\t\t<\/div><\/figure><figure class='gallery-item'>\n\t\t\t<div class='gallery-icon landscape'>\n\t\t\t\t<a href='https:\/\/www.bremmert.de\/hochzeit\/wp-content\/uploads\/2012\/05\/IMG_0497.jpg'><img loading=\"lazy\" decoding=\"async\" width=\"150\" height=\"150\" src=\"https:\/\/www.bremmert.de\/hochzeit\/wp-content\/uploads\/2012\/05\/IMG_0497-150x150.jpg\" class=\"attachment-thumbnail size-thumbnail\" alt=\"\" srcset=\"https:\/\/www.bremmert.de\/hochzeit\/wp-content\/uploads\/2012\/05\/IMG_0497-150x150.jpg 150w, https:\/\/www.bremmert.de\/hochzeit\/wp-content\/uploads\/2012\/05\/IMG_0497-125x125.jpg 125w\" sizes=\"auto, (max-width: 150px) 100vw, 150px\" \/><\/a>\n\t\t\t<\/div><\/figure>\n\t\t<\/div>\n\n<p>&nbsp;<\/p>\n<p><iframe loading=\"lazy\" title=\"Filialkirche St. Bonifatius Dietenhofen\" width=\"500\" height=\"375\" src=\"https:\/\/www.youtube.com\/embed\/YKhNC4Noh1Q?feature=oembed\" frameborder=\"0\" allow=\"accelerometer; autoplay; clipboard-write; encrypted-media; gyroscope; picture-in-picture; web-share\" referrerpolicy=\"strict-origin-when-cross-origin\" allowfullscreen><\/iframe><\/p>\n<p>&nbsp;<\/p>\n","protected":false},"excerpt":{"rendered":"<p>St. Bonifatius in Dietenhofen&nbsp; Adresse: 90599 Dietenhofen. Kreuzung Talstra\u00dfe \/ Am Moosweiher Am 27. September 2009 hat Bischof Gregor Maria Hanke die Filialkirche St. Bonifatius in Dietenhofen (Landkreis Ansbach) eingeweiht. Der vom Eichst\u00e4tter Di\u00f6zesanbaumeister Karl Frey entworfene Neubau ersetzte die 1956 erbaute Notkirche. Karl Frey hat die 24 Meter lange und 16 Meter breite Kirche [&hellip;]<\/p>\n","protected":false},"author":1,"featured_media":0,"parent":0,"menu_order":2,"comment_status":"open","ping_status":"open","template":"","meta":{"ngg_post_thumbnail":0,"footnotes":""},"class_list":["post-56","page","type-page","status-publish","hentry"],"_links":{"self":[{"href":"https:\/\/www.bremmert.de\/hochzeit\/wp-json\/wp\/v2\/pages\/56","targetHints":{"allow":["GET"]}}],"collection":[{"href":"https:\/\/www.bremmert.de\/hochzeit\/wp-json\/wp\/v2\/pages"}],"about":[{"href":"https:\/\/www.bremmert.de\/hochzeit\/wp-json\/wp\/v2\/types\/page"}],"author":[{"embeddable":true,"href":"https:\/\/www.bremmert.de\/hochzeit\/wp-json\/wp\/v2\/users\/1"}],"replies":[{"embeddable":true,"href":"https:\/\/www.bremmert.de\/hochzeit\/wp-json\/wp\/v2\/comments?post=56"}],"version-history":[{"count":14,"href":"https:\/\/www.bremmert.de\/hochzeit\/wp-json\/wp\/v2\/pages\/56\/revisions"}],"predecessor-version":[{"id":856,"href":"https:\/\/www.bremmert.de\/hochzeit\/wp-json\/wp\/v2\/pages\/56\/revisions\/856"}],"wp:attachment":[{"href":"https:\/\/www.bremmert.de\/hochzeit\/wp-json\/wp\/v2\/media?parent=56"}],"curies":[{"name":"wp","href":"https:\/\/api.w.org\/{rel}","templated":true}]}}